{"id":35,"date":"2024-07-09T13:48:15","date_gmt":"2024-07-09T13:48:15","guid":{"rendered":"https:\/\/colsanfra.edu.sv\/home\/home\/"},"modified":"2024-07-09T13:48:22","modified_gmt":"2024-07-09T13:48:22","slug":"home","status":"publish","type":"page","link":"https:\/\/colsanfra.edu.sv\/home\/","title":{"rendered":"Home"},"content":{"rendered":"\n<div class=\"wp-block-uagb-container uagb-block-a6a8e0d4 alignfull uagb-is-root-container\">\n<div class=\"wp-block-uagb-container uagb-block-41915a2b\">\n<div class=\"wp-block-uagb-info-box uagb-block-5f85bf5b uagb-infobox__content-wrap  uagb-infobox-icon-above-title uagb-infobox-image-valign-top\"><div class=\"uagb-ifb-content\"><div class=\"uagb-ifb-title-wrap\"><span class=\"uagb-ifb-title-prefix\">El mejor<\/span><h1 class=\"uagb-ifb-title\">Colegio San Francisco<\/h1><\/div><p class=\"uagb-ifb-desc\">Ofreciendo una educaci\u00f3n integral de calidad en El Salvador<\/p><div class=\"uagb-ifb-button-wrapper wp-block-button\"><a href=\"contact\/\" class=\"uagb-infobox-cta-link wp-block-button__link\" target=\"_self\" rel=\"noopener noreferrer\" onclick=\"return true;\" alt=\"\"><span class=\"uagb-inline-editing\">Descubre m\u00e1s<\/span><\/a><\/div><\/div><\/div>\n<\/div>\n<\/div>\n\n\n\n<div class=\"wp-block-uagb-container uagb-layout-grid uagb-block-3223b91b alignfull uagb-is-root-container\"><div class=\"uagb-container-inner-blocks-wrap\">\n<div class=\"wp-block-uagb-container uagb-block-28623a05\">\n<div class=\"wp-block-uagb-image alignright uagb-block-7a3d3d1d wp-block-uagb-image--layout-default wp-block-uagb-image--effect-static wp-block-uagb-image--align-right\"><figure class=\"wp-block-uagb-image__figure\"><img loading=\"lazy\" decoding=\"async\" srcset=\"https:\/\/colsanfra.edu.sv\/home\/wp-content\/uploads\/2024\/07\/pexels-photo-19760675.jpeg ,https:\/\/colsanfra.edu.sv\/home\/wp-content\/uploads\/2024\/07\/pexels-photo-19760675.jpeg 780w, https:\/\/colsanfra.edu.sv\/home\/wp-content\/uploads\/2024\/07\/pexels-photo-19760675.jpeg 360w\" sizes=\"auto, (max-width: 480px) 150px\" src=\"https:\/\/colsanfra.edu.sv\/home\/wp-content\/uploads\/2024\/07\/pexels-photo-19760675.jpeg\" alt=\"\" class=\"uag-image-40\" width=\"230\" height=\"440\" title=\"story-01\" loading=\"lazy\" role=\"img\"\/><\/figure><\/div>\n\n\n\n<div class=\"wp-block-uagb-image alignleft uagb-block-ef0de120 wp-block-uagb-image--layout-default wp-block-uagb-image--effect-static wp-block-uagb-image--align-left\"><figure class=\"wp-block-uagb-image__figure\"><img loading=\"lazy\" decoding=\"async\" srcset=\"https:\/\/colsanfra.edu.sv\/home\/wp-content\/uploads\/2024\/07\/pexels-photo-19760638.jpeg ,https:\/\/colsanfra.edu.sv\/home\/wp-content\/uploads\/2024\/07\/pexels-photo-19760638.jpeg 780w, https:\/\/colsanfra.edu.sv\/home\/wp-content\/uploads\/2024\/07\/pexels-photo-19760638.jpeg 360w\" sizes=\"auto, (max-width: 480px) 150px\" src=\"https:\/\/colsanfra.edu.sv\/home\/wp-content\/uploads\/2024\/07\/pexels-photo-19760638.jpeg\" alt=\"\" class=\"uag-image-41\" width=\"230\" height=\"440\" title=\"story-02\" loading=\"lazy\" role=\"img\"\/><\/figure><\/div>\n<\/div>\n\n\n\n<div class=\"wp-block-uagb-info-box uagb-block-fd17db92 uagb-infobox__content-wrap  uagb-infobox-icon-above-title uagb-infobox-image-valign-top\"><div class=\"uagb-ifb-content\"><div class=\"uagb-ifb-title-wrap\"><span class=\"uagb-ifb-title-prefix\">Nuestra historia<\/span><h2 class=\"uagb-ifb-title\">Conoce nuestra trayectoria<\/h2><\/div><p class=\"uagb-ifb-desc\">Colegio San Francisco es reconocido como el mejor colegio en El Salvador, brindando una educaci\u00f3n integral de excelencia desde hace m\u00e1s de 25 a\u00f1os.<\/p><div class=\"uagb-ifb-button-wrapper wp-block-button\"><a href=\"about\/\" class=\"uagb-infobox-cta-link wp-block-button__link\" target=\"_self\" rel=\"noopener noreferrer\" onclick=\"return true;\" alt=\"\"><span class=\"uagb-inline-editing\">Leer m\u00e1s<\/span><\/a><\/div><\/div><\/div>\n<\/div><\/div>\n\n\n\n<div class=\"wp-block-uagb-container uagb-block-fc1a1914 alignfull uagb-is-root-container\"><div class=\"uagb-container-inner-blocks-wrap\">\n<div class=\"wp-block-uagb-advanced-heading uagb-block-fc542039\"><p class=\"uagb-desc-text\">Nuestros servicios<\/p><h2 class=\"uagb-heading-text\">Lo que ofrecemos<\/h2><\/div>\n\n\n\n<div class=\"wp-block-uagb-container uagb-block-081ab3e9\">\n<div class=\"wp-block-uagb-container uagb-block-c5c82fe1\">\n<div class=\"wp-block-uagb-info-box uagb-block-93904275 uagb-infobox__content-wrap  uagb-infobox-icon-above-title uagb-infobox-image-valign-top wp-block-uagb-info-box--has-margin\"><div class=\"uagb-infobox-margin-wrapper\"><div class=\"uagb-ifb-content\"><div class=\"uagb-ifb-title-wrap\"><h3 class=\"uagb-ifb-title\">Educaci\u00f3n Personalizada<\/h3><\/div><p class=\"uagb-ifb-desc\">Aulas reducidas y atenci\u00f3n individualizada para garantizar el mejor aprendizaje.<\/p><div class=\"uagb-ifb-button-wrapper wp-block-button\"><a href=\"services\/\" target=\"_self\" onclick=\"return true;\" class=\"uagb-infobox-cta-link\" rel=\"noopener noreferrer\" alt=\"\"><span class=\"uagb-inline-editing\">Leer m\u00e1s<\/span><\/a><\/div><\/div><\/div><\/div>\n\n\n\n<div class=\"wp-block-uagb-image aligncenter uagb-block-4e88f024 wp-block-uagb-image--layout-default wp-block-uagb-image--effect-static wp-block-uagb-image--align-center\"><figure class=\"wp-block-uagb-image__figure\"><img loading=\"lazy\" decoding=\"async\" srcset=\"https:\/\/colsanfra.edu.sv\/home\/wp-content\/uploads\/2024\/07\/pexels-photo-13834663.jpeg ,https:\/\/colsanfra.edu.sv\/home\/wp-content\/uploads\/2024\/07\/pexels-photo-13834663.jpeg 780w, https:\/\/colsanfra.edu.sv\/home\/wp-content\/uploads\/2024\/07\/pexels-photo-13834663.jpeg 360w\" sizes=\"auto, (max-width: 480px) 150px\" src=\"https:\/\/colsanfra.edu.sv\/home\/wp-content\/uploads\/2024\/07\/pexels-photo-13834663.jpeg\" alt=\"\" class=\"uag-image-42\" width=\"600\" height=\"300\" title=\"services-01\" loading=\"lazy\" role=\"img\"\/><\/figure><\/div>\n<\/div>\n\n\n\n<div class=\"wp-block-uagb-container uagb-block-25509c08\">\n<div class=\"wp-block-uagb-info-box uagb-block-420df1c8 uagb-infobox__content-wrap  uagb-infobox-icon-above-title uagb-infobox-image-valign-top wp-block-uagb-info-box--has-margin\"><div class=\"uagb-infobox-margin-wrapper\"><div class=\"uagb-ifb-content\"><div class=\"uagb-ifb-title-wrap\"><h3 class=\"uagb-ifb-title\">Actividades Extra-curriculares<\/h3><\/div><p class=\"uagb-ifb-desc\">Amplia variedad de actividades f\u00edsicas, art\u00edsticas y culturales para complementar la formaci\u00f3n acad\u00e9mica.<\/p><div class=\"uagb-ifb-button-wrapper wp-block-button\"><a href=\"services\/\" target=\"_self\" onclick=\"return true;\" class=\"uagb-infobox-cta-link\" rel=\"noopener noreferrer\" alt=\"\"><span class=\"uagb-inline-editing\">Leer m\u00e1s<\/span><\/a><\/div><\/div><\/div><\/div>\n\n\n\n<div class=\"wp-block-uagb-image aligncenter uagb-block-ccaae510 wp-block-uagb-image--layout-default wp-block-uagb-image--effect-static wp-block-uagb-image--align-center\"><figure class=\"wp-block-uagb-image__figure\"><img loading=\"lazy\" decoding=\"async\" srcset=\"https:\/\/colsanfra.edu.sv\/home\/wp-content\/uploads\/2024\/07\/pexels-photo-19760723.jpeg ,https:\/\/colsanfra.edu.sv\/home\/wp-content\/uploads\/2024\/07\/pexels-photo-19760723.jpeg 780w, https:\/\/colsanfra.edu.sv\/home\/wp-content\/uploads\/2024\/07\/pexels-photo-19760723.jpeg 360w\" sizes=\"auto, (max-width: 480px) 150px\" src=\"https:\/\/colsanfra.edu.sv\/home\/wp-content\/uploads\/2024\/07\/pexels-photo-19760723.jpeg\" alt=\"\" class=\"uag-image-39\" width=\"600\" height=\"300\" title=\"services-05\" loading=\"lazy\" role=\"img\"\/><\/figure><\/div>\n<\/div>\n\n\n\n<div class=\"wp-block-uagb-container uagb-block-47f6ebf1\">\n<div class=\"wp-block-uagb-info-box uagb-block-320f8fc9 uagb-infobox__content-wrap  uagb-infobox-icon-above-title uagb-infobox-image-valign-top wp-block-uagb-info-box--has-margin\"><div class=\"uagb-infobox-margin-wrapper\"><div class=\"uagb-ifb-content\"><div class=\"uagb-ifb-title-wrap\"><h3 class=\"uagb-ifb-title\">Tecnolog\u00eda Avanzada<\/h3><\/div><p class=\"uagb-ifb-desc\">Infraestructura y recursos tecnol\u00f3gicos de \u00faltima generaci\u00f3n para apoyar el aprendizaje innovador.<\/p><div class=\"uagb-ifb-button-wrapper wp-block-button\"><a href=\"services\/\" target=\"_self\" onclick=\"return true;\" class=\"uagb-infobox-cta-link\" rel=\"noopener noreferrer\" alt=\"\"><span class=\"uagb-inline-editing\">Leer m\u00e1s<\/span><\/a><\/div><\/div><\/div><\/div>\n\n\n\n<div class=\"wp-block-uagb-image aligncenter uagb-block-12c9f8c0 wp-block-uagb-image--layout-default wp-block-uagb-image--effect-static wp-block-uagb-image--align-center\"><figure class=\"wp-block-uagb-image__figure\"><img loading=\"lazy\" decoding=\"async\" srcset=\"https:\/\/colsanfra.edu.sv\/home\/wp-content\/uploads\/2024\/07\/pexels-photo-19760675.jpeg ,https:\/\/colsanfra.edu.sv\/home\/wp-content\/uploads\/2024\/07\/pexels-photo-19760675.jpeg 780w, https:\/\/colsanfra.edu.sv\/home\/wp-content\/uploads\/2024\/07\/pexels-photo-19760675.jpeg 360w\" sizes=\"auto, (max-width: 480px) 150px\" src=\"https:\/\/colsanfra.edu.sv\/home\/wp-content\/uploads\/2024\/07\/pexels-photo-19760675.jpeg\" alt=\"\" class=\"uag-image-40\" width=\"600\" height=\"300\" title=\"services-03\" loading=\"lazy\" role=\"img\"\/><\/figure><\/div>\n<\/div>\n<\/div>\n<\/div><\/div>\n\n\n\n<div class=\"wp-block-uagb-container uagb-block-56ced4a1 alignfull uagb-is-root-container\"><div class=\"uagb-container-inner-blocks-wrap\">\n<div class=\"wp-block-uagb-info-box uagb-block-63acebdb uagb-infobox__content-wrap  uagb-infobox-icon-above-title uagb-infobox-image-valign-top\"><div class=\"uagb-ifb-content\"><div class=\"uagb-ifb-title-wrap\"><span class=\"uagb-ifb-title-prefix\">C\u00f3mo funciona<\/span><h2 class=\"uagb-ifb-title\">Descubre nuestro m\u00e9todo<\/h2><\/div><p class=\"uagb-ifb-desc\">Conoce c\u00f3mo ofrecemos una educaci\u00f3n de calidad<\/p><\/div><\/div>\n\n\n\n<div class=\"wp-block-uagb-container uagb-block-17a71973\">\n<div class=\"wp-block-uagb-advanced-heading uagb-block-df4a78a1\"><h3 class=\"uagb-heading-text\">Reclutamiento<\/h3><p class=\"uagb-desc-text\">Seleccionamos cuidadosamente a nuestro equipo docente y personal, asegurando la mejor calidad educativa.<\/p><\/div>\n\n\n\n<div class=\"wp-block-uagb-separator uagb-block-d7de01b9\"><div class=\"wp-block-uagb-separator__inner\" style=\"--my-background-image:\"><\/div><\/div>\n\n\n\n<div class=\"wp-block-uagb-advanced-heading uagb-block-1fcca3b1\"><h3 class=\"uagb-heading-text\">Programa acad\u00e9mico<\/h3><p class=\"uagb-desc-text\">Ofrecemos un programa acad\u00e9mico completo y actualizado que garantiza el aprendizaje de nuestros estudiantes.<\/p><\/div>\n\n\n\n<div class=\"wp-block-uagb-separator uagb-block-1fc26a97\"><div class=\"wp-block-uagb-separator__inner\" style=\"--my-background-image:\"><\/div><\/div>\n\n\n\n<div class=\"wp-block-uagb-advanced-heading uagb-block-52ae06fb\"><h3 class=\"uagb-heading-text\">Desarrollo integral<\/h3><p class=\"uagb-desc-text\">Promovemos el desarrollo integral de nuestros estudiantes, brindando actividades extracurriculares que complementan su educaci\u00f3n.<\/p><\/div>\n<\/div>\n<\/div><\/div>\n\n\n\n<div class=\"wp-block-uagb-container uagb-block-950f94b6 alignfull uagb-is-root-container\"><div class=\"uagb-container-inner-blocks-wrap\">\n<div class=\"wp-block-uagb-container uag-blocks-common-selector uagb-layout-grid uagb-block-fc46736b\">\n<div class=\"wp-block-uagb-advanced-heading uagb-block-709fcad4\"><h2 class=\"uagb-heading-text\">\u00danete a nuestra comunidad educativa hoy mismo<\/h2><\/div>\n\n\n\n<div class=\"wp-block-uagb-buttons uagb-buttons__outer-wrap uagb-btn__default-btn uagb-btn-tablet__default-btn uagb-btn-mobile__default-btn uagb-block-483668c5\"><div class=\"uagb-buttons__wrap uagb-buttons-layout-wrap \">\n<div class=\"wp-block-uagb-buttons-child uagb-buttons__outer-wrap uagb-block-69881479 wp-block-button\"><div class=\"uagb-button__wrapper\"><a class=\"uagb-buttons-repeater wp-block-button__link\" aria-label=\"\" href=\"contact\/\" rel=\"follow noopener\" target=\"_self\" role=\"button\"><div class=\"uagb-button__link\">Descubre m\u00e1s<\/div><\/a><\/div><\/div>\n<\/div><\/div>\n<\/div>\n\n\n\n<div class=\"wp-block-uagb-advanced-heading uagb-block-8ee224dd\"><p class=\"uagb-desc-text\">Nuestro valor diferencial<\/p><h2 class=\"uagb-heading-text\">Lo que nos hace \u00fanicos<\/h2><\/div>\n\n\n\n<div class=\"wp-block-uagb-container uagb-block-828e64be\">\n<div class=\"wp-block-uagb-container uagb-block-39559f3c\">\n<div class=\"wp-block-uagb-advanced-heading uagb-block-c6839492\"><h3 class=\"uagb-heading-text\">Educaci\u00f3n de calidad<\/h3><p class=\"uagb-desc-text\">Nos destacamos por brindar una educaci\u00f3n de calidad que forma ciudadanos responsables y comprometidos con la sociedad.<\/p><\/div>\n<\/div>\n\n\n\n<div class=\"wp-block-uagb-container uagb-block-62bb75ca\">\n<div class=\"wp-block-uagb-advanced-heading uagb-block-6ded3d21\"><h3 class=\"uagb-heading-text\">Enfoque personalizado<\/h3><p class=\"uagb-desc-text\">Nuestro enfoque personalizado permite atender las necesidades individuales de cada estudiante, asegurando su m\u00e1ximo potencial.<\/p><\/div>\n<\/div>\n\n\n\n<div class=\"wp-block-uagb-container uagb-block-aa708dbd\">\n<div class=\"wp-block-uagb-advanced-heading uagb-block-678523aa\"><h3 class=\"uagb-heading-text\">Valores s\u00f3lidos<\/h3><p class=\"uagb-desc-text\">Inculcamos valores s\u00f3lidos en nuestros estudiantes, form\u00e1ndolos como personas \u00edntegras y respetuosas.<\/p><\/div>\n<\/div>\n<\/div>\n<\/div><\/div>\n\n\n\n<div class=\"wp-block-uagb-container uagb-block-700fd503 alignfull uagb-is-root-container\"><div class=\"uagb-container-inner-blocks-wrap\">\n<div class=\"wp-block-uagb-advanced-heading uagb-block-6695d700\"><p class=\"uagb-desc-text\">Testimonios de nuestros alumnos<\/p><h2 class=\"uagb-heading-text\">Opiniones de nuestros estudiantes<\/h2><\/div>\n\n\n\n<div class=\"wp-block-uagb-star-rating uagb-block-55fb7d50\"><div class=\"uag-star-rating\" title=\"5\/5\"><span class=\"uag-star\">\u2605<\/span><span class=\"uag-star\">\u2605<\/span><span class=\"uag-star\">\u2605<\/span><span class=\"uag-star\">\u2605<\/span><span class=\"uag-star\">\u2605<\/span><\/div><\/div>\n\n\n\n<div class=\"wp-block-uagb-testimonial uagb-slick-carousel uagb-tm__arrow-outside uagb-block-125f66ad\"><div class=\"is-carousel uagb-tm__columns-1 uagb-tm__items\"><div class=\"uagb-testimonial__wrap  uagb-tm__imgicon-style-circle uagb-tm__image-position-bottom uagb-tm__bg-type-none \"><div class=\"uagb-tm__content\"><div class=\"uagb-tm__overlay\"><\/div><div class=\"uagb-tm__text-wrap\"><div class=\"uagb-tm__desc\">Gracias al Colegio San Francisco, he tenido una educaci\u00f3n de calidad que me ha ayudado a alcanzar mis metas acad\u00e9micas y personales.<\/div><div class=\"uagb-tm__meta-inner\"><div class=\"uagb-tm__image-content\"><div class=\"uagb-tm__image\"><img loading=\"lazy\" decoding=\"async\" class=\"uagb-tm-img-src\" src=\"https:\/\/colsanfra.edu.sv\/home\/wp-content\/uploads\/2024\/05\/testimonial-skip-01.jpg\" alt=\"\" width=\"50\" height=\"50\" loading=\"lazy\"\/><\/div><\/div><div class=\"uagb-testimonial-details\"><span class=\"uagb-tm__author-name\">Carlos P\u00e9rez<\/span><span class=\"uagb-tm__company\">James Oliver<\/span><\/div><\/div><\/div><\/div><\/div><div class=\"uagb-testimonial__wrap  uagb-tm__imgicon-style-circle uagb-tm__image-position-bottom uagb-tm__bg-type-none \"><div class=\"uagb-tm__content\"><div class=\"uagb-tm__overlay\"><\/div><div class=\"uagb-tm__text-wrap\"><div class=\"uagb-tm__desc\">El Colegio San Francisco me ha brindado una educaci\u00f3n completa y de excelencia, prepar\u00e1ndome para un futuro exitoso.<\/div><div class=\"uagb-tm__meta-inner\"><div class=\"uagb-tm__image-content\"><div class=\"uagb-tm__image\"><img loading=\"lazy\" decoding=\"async\" class=\"uagb-tm-img-src\" src=\"https:\/\/colsanfra.edu.sv\/home\/wp-content\/uploads\/2024\/05\/testimonial-skip-02.jpg\" alt=\"\" width=\"50\" height=\"50\" loading=\"lazy\"\/><\/div><\/div><div class=\"uagb-testimonial-details\"><span class=\"uagb-tm__author-name\">Luis Gonz\u00e1lez<\/span><span class=\"uagb-tm__company\">Company Name<\/span><\/div><\/div><\/div><\/div><\/div><\/div><\/div>\n<\/div><\/div>\n\n\n\n<div class=\"wp-block-uagb-container uagb-block-a44e806f alignfull uagb-is-root-container\"><div class=\"uagb-container-inner-blocks-wrap\">\n<div class=\"wp-block-uagb-container uagb-block-942920e8\">\n<div class=\"wp-block-uagb-info-box uagb-block-8efa70de uagb-infobox__content-wrap  uagb-infobox-icon-above-title uagb-infobox-image-valign-top\"><div class=\"uagb-ifb-content\"><div class=\"uagb-ifb-title-wrap\"><span class=\"uagb-ifb-title-prefix\">\u00danete a nosotros<\/span><h2 class=\"uagb-ifb-title\">Descubre c\u00f3mo puedes ser parte de nuestra comunidad educativa<\/h2><\/div><p class=\"uagb-ifb-desc\">Cont\u00e1ctanos para obtener m\u00e1s informaci\u00f3n y matricular a tu hijo en el mejor colegio de El Salvador.<\/p><div class=\"uagb-ifb-button-wrapper wp-block-button\"><a href=\"contact\/\" class=\"uagb-infobox-cta-link wp-block-button__link\" target=\"_self\" rel=\"noopener noreferrer\" onclick=\"return true;\" alt=\"\"><span class=\"uagb-inline-editing\">Descubre m\u00e1s<\/span><\/a><\/div><\/div><\/div>\n<\/div>\n<\/div><\/div>\n","protected":false},"excerpt":{"rendered":"<p>Nuestros servicios Lo que ofrecemos Reclutamiento Seleccionamos cuidadosamente a nuestro equipo docente y personal, asegurando la mejor calidad educativa. Programa [&hellip;]<\/p>\n","protected":false},"author":1,"featured_media":0,"parent":0,"menu_order":0,"comment_status":"closed","ping_status":"closed","template":"","meta":{"_uag_custom_page_level_css":"","site-sidebar-layout":"default","site-content-layout":"","ast-site-content-layout":"","site-content-style":"default","site-sidebar-style":"default","ast-global-header-display":"","ast-banner-title-visibility":"","ast-main-header-display":"","ast-hfb-above-header-display":"","ast-hfb-below-header-display":"","ast-hfb-mobile-header-display":"","site-post-title":"disabled","ast-breadcrumbs-content":"","ast-featured-img":"","footer-sml-layout":"","theme-transparent-header-meta":"","adv-header-id-meta":"","stick-header-meta":"","header-above-stick-meta":"","header-main-stick-meta":"","header-below-stick-meta":"","astra-migrate-meta-layouts":"default","ast-page-background-enabled":"default","ast-page-background-meta":{"desktop":{"background-color":"var(--ast-global-color-4)","background-image":"","background-repeat":"repeat","background-position":"center center","background-size":"auto","background-attachment":"scroll","background-type":"","background-media":"","overlay-type":"","overlay-color":"","overlay-gradient":""},"tablet":{"background-color":"","background-image":"","background-repeat":"repeat","background-position":"center center","background-size":"auto","background-attachment":"scroll","background-type":"","background-media":"","overlay-type":"","overlay-color":"","overlay-gradient":""},"mobile":{"background-color":"","background-image":"","background-repeat":"repeat","background-position":"center center","background-size":"auto","background-attachment":"scroll","background-type":"","background-media":"","overlay-type":"","overlay-color":"","overlay-gradient":""}},"ast-content-background-meta":{"desktop":{"background-color":"var(--ast-global-color-5)","background-image":"","background-repeat":"repeat","background-position":"center center","background-size":"auto","background-attachment":"scroll","background-type":"","background-media":"","overlay-type":"","overlay-color":"","overlay-gradient":""},"tablet":{"background-color":"var(--ast-global-color-5)","background-image":"","background-repeat":"repeat","background-position":"center center","background-size":"auto","background-attachment":"scroll","background-type":"","background-media":"","overlay-type":"","overlay-color":"","overlay-gradient":""},"mobile":{"background-color":"var(--ast-global-color-5)","background-image":"","background-repeat":"repeat","background-position":"center center","background-size":"auto","background-attachment":"scroll","background-type":"","background-media":"","overlay-type":"","overlay-color":"","overlay-gradient":""}},"footnotes":""},"class_list":["post-35","page","type-page","status-publish","hentry"],"uagb_featured_image_src":{"full":false,"thumbnail":false,"medium":false,"medium_large":false,"large":false,"1536x1536":false,"2048x2048":false},"uagb_author_info":{"display_name":"Admincsf","author_link":"https:\/\/colsanfra.edu.sv\/home\/author\/Admincsf\/"},"uagb_comment_info":0,"uagb_excerpt":"Nuestros servicios Lo que ofrecemos Reclutamiento Seleccionamos cuidadosamente a nuestro equipo docente y personal, asegurando la mejor calidad educativa. Programa [&hellip;]","_links":{"self":[{"href":"https:\/\/colsanfra.edu.sv\/home\/wp-json\/wp\/v2\/pages\/35","targetHints":{"allow":["GET"]}}],"collection":[{"href":"https:\/\/colsanfra.edu.sv\/home\/wp-json\/wp\/v2\/pages"}],"about":[{"href":"https:\/\/colsanfra.edu.sv\/home\/wp-json\/wp\/v2\/types\/page"}],"author":[{"embeddable":true,"href":"https:\/\/colsanfra.edu.sv\/home\/wp-json\/wp\/v2\/users\/1"}],"replies":[{"embeddable":true,"href":"https:\/\/colsanfra.edu.sv\/home\/wp-json\/wp\/v2\/comments?post=35"}],"version-history":[{"count":2,"href":"https:\/\/colsanfra.edu.sv\/home\/wp-json\/wp\/v2\/pages\/35\/revisions"}],"predecessor-version":[{"id":190,"href":"https:\/\/colsanfra.edu.sv\/home\/wp-json\/wp\/v2\/pages\/35\/revisions\/190"}],"wp:attachment":[{"href":"https:\/\/colsanfra.edu.sv\/home\/wp-json\/wp\/v2\/media?parent=35"}],"curies":[{"name":"wp","href":"https:\/\/api.w.org\/{rel}","templated":true}]}}