{"id":36,"date":"2024-07-09T13:48:15","date_gmt":"2024-07-09T13:48:15","guid":{"rendered":"https:\/\/colsanfra.edu.sv\/home\/about\/"},"modified":"2024-07-09T13:48:22","modified_gmt":"2024-07-09T13:48:22","slug":"about","status":"publish","type":"page","link":"https:\/\/colsanfra.edu.sv\/home\/about\/","title":{"rendered":"About"},"content":{"rendered":"\n<div class=\"wp-block-uagb-container uagb-block-a6a8e0d4 alignfull uagb-is-root-container\">\n<div class=\"wp-block-uagb-container uagb-block-41915a2b\">\n<div class=\"wp-block-uagb-advanced-heading uagb-block-a16b6668\"><p class=\"uagb-desc-text\">El mejor<\/p><h1 class=\"uagb-heading-text\">Acerca de nosotros<\/h1><\/div>\n<\/div>\n<\/div>\n\n\n\n<div class=\"wp-block-uagb-container uagb-block-2fce8535 alignfull uagb-is-root-container\"><div class=\"uagb-container-inner-blocks-wrap\">\n<div class=\"wp-block-uagb-advanced-heading uagb-block-70790b14\"><p class=\"uagb-desc-text\">Sobre nosotros<\/p><h2 class=\"uagb-heading-text\">Colegio San Francisco<\/h2><\/div>\n\n\n\n<div class=\"wp-block-uagb-container uagb-block-e22a1dc9\">\n<div class=\"wp-block-uagb-advanced-heading uagb-block-c5054e2a\"><p class=\"uagb-heading-text\">Brindamos una educaci\u00f3n integral de calidad en El Salvador.<\/p><\/div>\n\n\n\n<div class=\"wp-block-uagb-advanced-heading uagb-block-72f3541d\"><p class=\"uagb-heading-text\">Somos el mejor colegio de El Salvador, comprometidos con una educaci\u00f3n integral que forma l\u00edderes de excelencia preparados para enfrentar los retos del futuro.<\/p><\/div>\n<\/div>\n\n\n\n<div class=\"wp-block-uagb-image uagb-block-411b8d34 wp-block-uagb-image--layout-default wp-block-uagb-image--effect-static wp-block-uagb-image--align-none\"><figure class=\"wp-block-uagb-image__figure\"><img loading=\"lazy\" decoding=\"async\" srcset=\"https:\/\/colsanfra.edu.sv\/home\/wp-content\/uploads\/2024\/07\/pexels-photo-19760723.jpeg ,https:\/\/colsanfra.edu.sv\/home\/wp-content\/uploads\/2024\/05\/who-we-are.jpg 780w, https:\/\/colsanfra.edu.sv\/home\/wp-content\/uploads\/2024\/05\/who-we-are.jpg 360w\" sizes=\"auto, (max-width: 480px) 150px\" src=\"https:\/\/colsanfra.edu.sv\/home\/wp-content\/uploads\/2024\/07\/pexels-photo-19760723.jpeg\" alt=\"\" class=\"uag-image-39\" width=\"1200\" height=\"450\" title=\"who-we-are\" loading=\"lazy\" role=\"img\"\/><\/figure><\/div>\n<\/div><\/div>\n\n\n\n<div class=\"wp-block-uagb-container uagb-block-56ced4a1 alignfull uagb-is-root-container\"><div class=\"uagb-container-inner-blocks-wrap\">\n<div class=\"wp-block-uagb-advanced-heading uagb-block-22e8d0d6\"><p class=\"uagb-desc-text\">Misi\u00f3n y valores<\/p><h2 class=\"uagb-heading-text\">Nuestra misi\u00f3n y valores<\/h2><\/div>\n\n\n\n<div class=\"wp-block-uagb-container uagb-block-17a71973\">\n<div class=\"wp-block-uagb-advanced-heading uagb-block-df4a78a1\"><h3 class=\"uagb-heading-text\">Nuestra misi\u00f3n<\/h3><p class=\"uagb-desc-text\">Formar l\u00edderes de excelencia con una educaci\u00f3n integral de calidad.<\/p><\/div>\n\n\n\n<div class=\"wp-block-uagb-separator uagb-block-d7de01b9\"><div class=\"wp-block-uagb-separator__inner\" style=\"--my-background-image:\"><\/div><\/div>\n\n\n\n<div class=\"wp-block-uagb-advanced-heading uagb-block-1fcca3b1\"><h3 class=\"uagb-heading-text\">Nuestros valores<\/h3><p class=\"uagb-desc-text\">Compromiso, excelencia, responsabilidad y respeto.<\/p><\/div>\n<\/div>\n<\/div><\/div>\n\n\n\n<div class=\"wp-block-uagb-container uagb-layout-grid uagb-block-c8a31539 alignfull uagb-is-root-container\"><div class=\"uagb-container-inner-blocks-wrap\">\n<div class=\"wp-block-uagb-image alignright uagb-block-c7dfc0f5 wp-block-uagb-image--layout-default wp-block-uagb-image--effect-static wp-block-uagb-image--align-right uag-blocks-common-selector\" style=\"--z-index-desktop:1;;--z-index-tablet:1;;--z-index-mobile:undefined;\"><figure class=\"wp-block-uagb-image__figure\"><img loading=\"lazy\" decoding=\"async\" srcset=\"https:\/\/colsanfra.edu.sv\/home\/wp-content\/uploads\/2024\/07\/pexels-photo-19760638.jpeg ,https:\/\/colsanfra.edu.sv\/home\/wp-content\/uploads\/2024\/07\/pexels-photo-19760638.jpeg 780w, https:\/\/colsanfra.edu.sv\/home\/wp-content\/uploads\/2024\/07\/pexels-photo-19760638.jpeg 360w\" sizes=\"auto, (max-width: 480px) 150px\" src=\"https:\/\/colsanfra.edu.sv\/home\/wp-content\/uploads\/2024\/07\/pexels-photo-19760638.jpeg\" alt=\"\" class=\"uag-image-41\" width=\"600\" height=\"660\" title=\"our-story\" loading=\"lazy\" role=\"img\"\/><\/figure><\/div>\n\n\n\n<div class=\"wp-block-uagb-info-box uagb-block-a9252fac uagb-infobox__content-wrap  uagb-infobox-icon-above-title uagb-infobox-image-valign-top wp-block-uagb-info-box--has-margin\"><div class=\"uagb-infobox-margin-wrapper\"><div class=\"uagb-ifb-content\"><div class=\"uagb-ifb-title-wrap\"><span class=\"uagb-ifb-title-prefix\">Nuestra historia<\/span><h2 class=\"uagb-ifb-title\">Historia de nuestra instituci\u00f3n<\/h2><\/div><p class=\"uagb-ifb-desc\">Colegio San Francisco se fund\u00f3 en el a\u00f1o XXXX con el objetivo de brindar una educaci\u00f3n de calidad. A lo largo de los a\u00f1os, nos hemos posicionado como el mejor colegio de El Salvador, formando a generaciones de estudiantes comprometidos con la excelencia.<\/p><\/div><\/div><\/div>\n<\/div><\/div>\n\n\n\n<div class=\"wp-block-uagb-container uagb-block-a44e806f alignfull uagb-is-root-container\"><div class=\"uagb-container-inner-blocks-wrap\">\n<div class=\"wp-block-uagb-container uagb-block-942920e8\">\n<div class=\"wp-block-uagb-info-box uagb-block-8efa70de uagb-infobox__content-wrap  uagb-infobox-icon-above-title uagb-infobox-image-valign-top\"><div class=\"uagb-ifb-content\"><div class=\"uagb-ifb-title-wrap\"><span class=\"uagb-ifb-title-prefix\">\u00danete a nosotros<\/span><h2 class=\"uagb-ifb-title\">Descubre c\u00f3mo puedes ser parte de nuestra comunidad educativa<\/h2><\/div><p class=\"uagb-ifb-desc\">Cont\u00e1ctanos para obtener m\u00e1s informaci\u00f3n y matricular a tu hijo en el mejor colegio de El Salvador.<\/p><div class=\"uagb-ifb-button-wrapper wp-block-button\"><a href=\"contact\/\" class=\"uagb-infobox-cta-link wp-block-button__link\" target=\"_self\" rel=\"noopener noreferrer\" onclick=\"return true;\" alt=\"\"><span class=\"uagb-inline-editing\">Descubre m\u00e1s<\/span><\/a><\/div><\/div><\/div>\n<\/div>\n<\/div><\/div>\n","protected":false},"excerpt":{"rendered":"<p>El mejor Acerca de nosotros Sobre nosotros Colegio San Francisco Brindamos una educaci\u00f3n integral de calidad en El Salvador. Somos [&hellip;]<\/p>\n","protected":false},"author":1,"featured_media":0,"parent":0,"menu_order":0,"comment_status":"closed","ping_status":"closed","template":"","meta":{"_uag_custom_page_level_css":"","site-sidebar-layout":"default","site-content-layout":"","ast-site-content-layout":"","site-content-style":"default","site-sidebar-style":"default","ast-global-header-display":"","ast-banner-title-visibility":"","ast-main-header-display":"","ast-hfb-above-header-display":"","ast-hfb-below-header-display":"","ast-hfb-mobile-header-display":"","site-post-title":"disabled","ast-breadcrumbs-content":"","ast-featured-img":"","footer-sml-layout":"","theme-transparent-header-meta":"","adv-header-id-meta":"","stick-header-meta":"","header-above-stick-meta":"","header-main-stick-meta":"","header-below-stick-meta":"","astra-migrate-meta-layouts":"default","ast-page-background-enabled":"default","ast-page-background-meta":{"desktop":{"background-color":"var(--ast-global-color-4)","background-image":"","background-repeat":"repeat","background-position":"center center","background-size":"auto","background-attachment":"scroll","background-type":"","background-media":"","overlay-type":"","overlay-color":"","overlay-gradient":""},"tablet":{"background-color":"","background-image":"","background-repeat":"repeat","background-position":"center center","background-size":"auto","background-attachment":"scroll","background-type":"","background-media":"","overlay-type":"","overlay-color":"","overlay-gradient":""},"mobile":{"background-color":"","background-image":"","background-repeat":"repeat","background-position":"center center","background-size":"auto","background-attachment":"scroll","background-type":"","background-media":"","overlay-type":"","overlay-color":"","overlay-gradient":""}},"ast-content-background-meta":{"desktop":{"background-color":"var(--ast-global-color-5)","background-image":"","background-repeat":"repeat","background-position":"center center","background-size":"auto","background-attachment":"scroll","background-type":"","background-media":"","overlay-type":"","overlay-color":"","overlay-gradient":""},"tablet":{"background-color":"var(--ast-global-color-5)","background-image":"","background-repeat":"repeat","background-position":"center center","background-size":"auto","background-attachment":"scroll","background-type":"","background-media":"","overlay-type":"","overlay-color":"","overlay-gradient":""},"mobile":{"background-color":"var(--ast-global-color-5)","background-image":"","background-repeat":"repeat","background-position":"center center","background-size":"auto","background-attachment":"scroll","background-type":"","background-media":"","overlay-type":"","overlay-color":"","overlay-gradient":""}},"footnotes":""},"class_list":["post-36","page","type-page","status-publish","hentry"],"uagb_featured_image_src":{"full":false,"thumbnail":false,"medium":false,"medium_large":false,"large":false,"1536x1536":false,"2048x2048":false},"uagb_author_info":{"display_name":"Admincsf","author_link":"https:\/\/colsanfra.edu.sv\/home\/author\/Admincsf\/"},"uagb_comment_info":0,"uagb_excerpt":"El mejor Acerca de nosotros Sobre nosotros Colegio San Francisco Brindamos una educaci\u00f3n integral de calidad en El Salvador. Somos [&hellip;]","_links":{"self":[{"href":"https:\/\/colsanfra.edu.sv\/home\/wp-json\/wp\/v2\/pages\/36","targetHints":{"allow":["GET"]}}],"collection":[{"href":"https:\/\/colsanfra.edu.sv\/home\/wp-json\/wp\/v2\/pages"}],"about":[{"href":"https:\/\/colsanfra.edu.sv\/home\/wp-json\/wp\/v2\/types\/page"}],"author":[{"embeddable":true,"href":"https:\/\/colsanfra.edu.sv\/home\/wp-json\/wp\/v2\/users\/1"}],"replies":[{"embeddable":true,"href":"https:\/\/colsanfra.edu.sv\/home\/wp-json\/wp\/v2\/comments?post=36"}],"version-history":[{"count":2,"href":"https:\/\/colsanfra.edu.sv\/home\/wp-json\/wp\/v2\/pages\/36\/revisions"}],"predecessor-version":[{"id":193,"href":"https:\/\/colsanfra.edu.sv\/home\/wp-json\/wp\/v2\/pages\/36\/revisions\/193"}],"wp:attachment":[{"href":"https:\/\/colsanfra.edu.sv\/home\/wp-json\/wp\/v2\/media?parent=36"}],"curies":[{"name":"wp","href":"https:\/\/api.w.org\/{rel}","templated":true}]}}